{"id":86198,"date":"2025-01-27T09:52:11","date_gmt":"2025-01-27T08:52:11","guid":{"rendered":"https:\/\/havanaeco.it\/havanaeco-2\/"},"modified":"2025-01-27T09:52:11","modified_gmt":"2025-01-27T08:52:11","slug":"havanaeco-2","status":"publish","type":"page","link":"https:\/\/havanaeco.it\/en\/havanaeco-2\/","title":{"rendered":"HAVANAECO"},"content":{"rendered":"<p>[vc_row unlock_row_content=&#8221;yes&#8221; row_height_percent=&#8221;0&#8243; overlay_alpha=&#8221;50&#8243; gutter_size=&#8221;3&#8243; column_width_percent=&#8221;100&#8243; shift_y=&#8221;0&#8243; z_index=&#8221;0&#8243; uncode_shortcode_id=&#8221;384544&#8243;][vc_column column_width_percent=&#8221;100&#8243; gutter_size=&#8221;6&#8243; expand_height=&#8221;yes&#8221; overlay_alpha=&#8221;50&#8243; shift_x=&#8221;0&#8243; shift_y=&#8221;0&#8243; shift_y_down=&#8221;0&#8243; z_index=&#8221;0&#8243; medium_width=&#8221;0&#8243; mobile_width=&#8221;0&#8243; width=&#8221;1\/1&#8243; uncode_shortcode_id=&#8221;763549&#8243;][vc_single_image media=&#8221;85903&#8243; media_width_percent=&#8221;100&#8243; alignment=&#8221;center&#8221; advanced=&#8221;yes&#8221; media_items=&#8221;media|original&#8221; media_overlay_opacity=&#8221;50&#8243; media_padding=&#8221;2&#8243; css_animation=&#8221;top-t-bottom&#8221; uncode_shortcode_id=&#8221;169080&#8243;][vc_column_text css_animation=&#8221;right-t-left&#8221; uncode_shortcode_id=&#8221;328162&#8243;]<\/p>\n<h2 style=\"text-align: center;\"><strong><span style=\"vertical-align: inherit;\"><span style=\"vertical-align: inherit;\"><span style=\"vertical-align: inherit;\"><span style=\"vertical-align: inherit;\"><span style=\"vertical-align: inherit;\"><span style=\"vertical-align: inherit;\"><span style=\"vertical-align: inherit;\"><span style=\"vertical-align: inherit;\"><span style=\"vertical-align: inherit;\"><span style=\"vertical-align: inherit;\">SUSTAINABLE CAPSULE COLLECTION<\/span><\/span><\/span><\/span><\/span><\/span><\/span><\/span><\/span><\/span><\/strong><\/h2>\n<p>[\/vc_column_text][\/vc_column][\/vc_row][vc_row][vc_column column_width_percent=&#8221;100&#8243; gutter_size=&#8221;3&#8243; override_padding=&#8221;yes&#8221; column_padding=&#8221;2&#8243; expand_height=&#8221;yes&#8221; back_image=&#8221;85256&#8243; overlay_alpha=&#8221;18&#8243; shift_x=&#8221;0&#8243; shift_y=&#8221;0&#8243; shift_y_down=&#8221;0&#8243; z_index=&#8221;0&#8243; medium_width=&#8221;0&#8243; mobile_width=&#8221;0&#8243; css_animation=&#8221;bottom-t-top&#8221; width=&#8221;1\/1&#8243; uncode_shortcode_id=&#8221;197699&#8243; back_color_type=&#8221;uncode-solid&#8221; back_color_solid=&#8221;#ff0000&#8243;][vc_gallery el_id=&#8221;gallery-114148&#8243; type=&#8221;carousel&#8221; medias=&#8221;86002,86004,86006,86008,86010,86012,86014,86016,86018,86020,86022,86024,86026,86028,86030,86032,86034,86036,86038,86040,86042,86044,86046,86048,86050,86052,86054,86056,86058,86060,86062,86064&#8243; explode_albums=&#8221;yes&#8221; carousel_lg=&#8221;1&#8243; carousel_md=&#8221;1&#8243; carousel_sm=&#8221;1&#8243; gutter_size=&#8221;3&#8243; inner_padding=&#8221;yes&#8221; carousel_interval=&#8221;3000&#8243; carousel_navspeed=&#8221;400&#8243; carousel_loop=&#8221;yes&#8221; carousel_overflow=&#8221;yes&#8221; stage_padding=&#8221;65&#8243; single_overlay_opacity=&#8221;50&#8243; single_padding=&#8221;2&#8243; single_shadow=&#8221;yes&#8221; shadow_weight=&#8221;lg&#8221; single_border=&#8221;yes&#8221; uncode_shortcode_id=&#8221;111325&#8243;][\/vc_column][\/vc_row][vc_row][vc_column width=&#8221;1\/1&#8243;][vc_column_text uncode_shortcode_id=&#8221;129323&#8243;]<\/p>\n<div class=\"wpb_column vc_column_container vc_col-sm-6\">\n<div class=\"vc_column-inner\">\n<div class=\"wpb_wrapper\">\n<div class=\"wpb_text_column wpb_content_element \">\n<div class=\"wpb_wrapper\">\n<p style=\"text-align: left;\"><em><strong>HAVANAECO<\/strong><\/em> \u00e8 un capsule, che celebra la sostenibilit\u00e0 e l\u2019artigianalit\u00e0 in un\u2019edizione limitata di pezzi unici caratterizzati da una spiccata contemporaneit\u00e0 ed una meticolosa attenzione ai dettagli. Creativit\u00e0 tipica del <strong> Made in Puglia<\/strong>, una storia territoriale che mette in evidenza la macchia mediterranea, icona espressa anche nel logo dal fico d\u2019india come elemento di riconoscimento. <strong><em>HAVANAECO<\/em><\/strong> \u00e8 un nucleo di capi essenziali dalle linee avvolgenti, semplici ed eterni, realizzati con tessuti organici sottoposti a processi a ridotto spreco seguendo la linea di uno sviluppo sostenibile. Lavorazioni tradizionali vengono abbinate a tinture e stampe realizzate con polveri naturali derivanti da piante e arbusti tipici dell\u2019area meridionale in collaborazione con laboratori artigianali specializzati.   L\u2019artigiano \u00e8 l\u2019artista di un opera unica creata con rispetto verso l\u2019ambiente, con tempi lunghi , lontano dagli schemi dell\u2019ideologia industriale. La Puglia e le sue maestranze rappresentano fonte di energia e ispirazione, assicurando il solido fondamento di questo progetto. Sin dalla sua costituzione nel 1994 <strong>Havana&amp;Co. <\/strong>marchio da cui nasce <em><strong>HAVANAECO<\/strong><\/em> , ha sempre scelto il Made in Italy, dove la creativit\u00e0 si intreccia con le abilit\u00e0 dei manifatturieri italiani per generare lavoro di valore. Costruiamo una rete in relazione con l\u2019ambiente circostante, in chiave innovativa e sostenibile, facendo tesoro della saggezza del passato, \u00e8 da sempre la nostra prospettiva per guardare al futuro. La qualit\u00e0 prevale sulla quantit\u00e0; la produzione limitata di <em><strong>HAVANAECO <\/strong><\/em>\u00e8 disponibile esclusivamente online.    <\/p>\n<\/div>\n<\/div>\n<\/div>\n<\/div>\n<\/div>\n<p>[\/vc_column_text][\/vc_column][\/vc_row][vc_row][vc_column width=&#8221;1\/1&#8243;][\/vc_column][\/vc_row][vc_row][vc_column width=&#8221;1\/1&#8243;][\/vc_column][\/vc_row]<\/p>\n","protected":false},"excerpt":{"rendered":"<p>[vc_row unlock_row_content=&#8221;yes&#8221; row_height_percent=&#8221;0&#8243; overlay_alpha=&#8221;50&#8243; gutter_size=&#8221;3&#8243; column_width_percent=&#8221;100&#8243; shift_y=&#8221;0&#8243; z_index=&#8221;0&#8243; uncode_shortcode_id=&#8221;384544&#8243;][vc_column column_width_percent=&#8221;100&#8243; gutter_size=&#8221;6&#8243; expand_height=&#8221;yes&#8221; overlay_alpha=&#8221;50&#8243; shift_x=&#8221;0&#8243; shift_y=&#8221;0&#8243; shift_y_down=&#8221;0&#8243; z_index=&#8221;0&#8243; medium_width=&#8221;0&#8243; mobile_width=&#8221;0&#8243; width=&#8221;1\/1&#8243; [&hellip;]<\/p>\n","protected":false},"author":2,"featured_media":0,"parent":0,"menu_order":15,"comment_status":"closed","ping_status":"closed","template":"","meta":[],"yoast_head":"<!-- This site is optimized with the Yoast SEO plugin v18.5.1 - https:\/\/yoast.com\/wordpress\/plugins\/seo\/ -->\n<title>HAVANAECO - Havana&amp;Co.<\/title>\n<meta name=\"robots\" content=\"index, follow, max-snippet:-1, max-image-preview:large, max-video-preview:-1\" \/>\n<link rel=\"canonical\" href=\"https:\/\/havanaeco.it\/en\/havanaeco-2\/\" \/>\n<meta property=\"og:locale\" content=\"en_US\" \/>\n<meta property=\"og:type\" content=\"article\" \/>\n<meta property=\"og:title\" content=\"HAVANAECO - Havana&amp;Co.\" \/>\n<meta property=\"og:description\" content=\"[vc_row unlock_row_content=&#8221;yes&#8221; row_height_percent=&#8221;0&#8243; overlay_alpha=&#8221;50&#8243; gutter_size=&#8221;3&#8243; column_width_percent=&#8221;100&#8243; shift_y=&#8221;0&#8243; z_index=&#8221;0&#8243; uncode_shortcode_id=&#8221;384544&#8243;][vc_column column_width_percent=&#8221;100&#8243; gutter_size=&#8221;6&#8243; expand_height=&#8221;yes&#8221; overlay_alpha=&#8221;50&#8243; shift_x=&#8221;0&#8243; shift_y=&#8221;0&#8243; shift_y_down=&#8221;0&#8243; z_index=&#8221;0&#8243; medium_width=&#8221;0&#8243; mobile_width=&#8221;0&#8243; width=&#8221;1\/1&#8243; [&hellip;]\" \/>\n<meta property=\"og:url\" content=\"https:\/\/havanaeco.it\/en\/havanaeco-2\/\" \/>\n<meta property=\"og:site_name\" content=\"Havana&amp;Co.\" \/>\n<meta property=\"article:publisher\" content=\"https:\/\/www.facebook.com\/havanaeco\/\" \/>\n<meta name=\"twitter:card\" content=\"summary_large_image\" \/>\n<meta name=\"twitter:label1\" content=\"Est. reading time\" \/>\n\t<meta name=\"twitter:data1\" content=\"2 minutes\" \/>\n<script type=\"application\/ld+json\" class=\"yoast-schema-graph\">{\"@context\":\"https:\/\/schema.org\",\"@graph\":[{\"@type\":\"WebSite\",\"@id\":\"https:\/\/havanaeco.it\/en\/#website\",\"url\":\"https:\/\/havanaeco.it\/en\/\",\"name\":\"Havana&Co.\",\"description\":\"The Italian Brand\",\"potentialAction\":[{\"@type\":\"SearchAction\",\"target\":{\"@type\":\"EntryPoint\",\"urlTemplate\":\"https:\/\/havanaeco.it\/en\/?s={search_term_string}\"},\"query-input\":\"required name=search_term_string\"}],\"inLanguage\":\"en-US\"},{\"@type\":\"WebPage\",\"@id\":\"https:\/\/havanaeco.it\/en\/havanaeco-2\/#webpage\",\"url\":\"https:\/\/havanaeco.it\/en\/havanaeco-2\/\",\"name\":\"HAVANAECO - Havana&amp;Co.\",\"isPartOf\":{\"@id\":\"https:\/\/havanaeco.it\/en\/#website\"},\"datePublished\":\"2025-01-27T08:52:11+00:00\",\"dateModified\":\"2025-01-27T08:52:11+00:00\",\"breadcrumb\":{\"@id\":\"https:\/\/havanaeco.it\/en\/havanaeco-2\/#breadcrumb\"},\"inLanguage\":\"en-US\",\"potentialAction\":[{\"@type\":\"ReadAction\",\"target\":[\"https:\/\/havanaeco.it\/en\/havanaeco-2\/\"]}]},{\"@type\":\"BreadcrumbList\",\"@id\":\"https:\/\/havanaeco.it\/en\/havanaeco-2\/#breadcrumb\",\"itemListElement\":[{\"@type\":\"ListItem\",\"position\":1,\"name\":\"Home\",\"item\":\"https:\/\/havanaeco.it\/en\/\"},{\"@type\":\"ListItem\",\"position\":2,\"name\":\"HAVANAECO\"}]}]}<\/script>\n<!-- \/ Yoast SEO plugin. -->","yoast_head_json":{"title":"HAVANAECO - Havana&amp;Co.","robots":{"index":"index","follow":"follow","max-snippet":"max-snippet:-1","max-image-preview":"max-image-preview:large","max-video-preview":"max-video-preview:-1"},"canonical":"https:\/\/havanaeco.it\/en\/havanaeco-2\/","og_locale":"en_US","og_type":"article","og_title":"HAVANAECO - Havana&amp;Co.","og_description":"[vc_row unlock_row_content=&#8221;yes&#8221; row_height_percent=&#8221;0&#8243; overlay_alpha=&#8221;50&#8243; gutter_size=&#8221;3&#8243; column_width_percent=&#8221;100&#8243; shift_y=&#8221;0&#8243; z_index=&#8221;0&#8243; uncode_shortcode_id=&#8221;384544&#8243;][vc_column column_width_percent=&#8221;100&#8243; gutter_size=&#8221;6&#8243; expand_height=&#8221;yes&#8221; overlay_alpha=&#8221;50&#8243; shift_x=&#8221;0&#8243; shift_y=&#8221;0&#8243; shift_y_down=&#8221;0&#8243; z_index=&#8221;0&#8243; medium_width=&#8221;0&#8243; mobile_width=&#8221;0&#8243; width=&#8221;1\/1&#8243; [&hellip;]","og_url":"https:\/\/havanaeco.it\/en\/havanaeco-2\/","og_site_name":"Havana&amp;Co.","article_publisher":"https:\/\/www.facebook.com\/havanaeco\/","twitter_card":"summary_large_image","twitter_misc":{"Est. reading time":"2 minutes"},"schema":{"@context":"https:\/\/schema.org","@graph":[{"@type":"WebSite","@id":"https:\/\/havanaeco.it\/en\/#website","url":"https:\/\/havanaeco.it\/en\/","name":"Havana&Co.","description":"The Italian Brand","potentialAction":[{"@type":"SearchAction","target":{"@type":"EntryPoint","urlTemplate":"https:\/\/havanaeco.it\/en\/?s={search_term_string}"},"query-input":"required name=search_term_string"}],"inLanguage":"en-US"},{"@type":"WebPage","@id":"https:\/\/havanaeco.it\/en\/havanaeco-2\/#webpage","url":"https:\/\/havanaeco.it\/en\/havanaeco-2\/","name":"HAVANAECO - Havana&amp;Co.","isPartOf":{"@id":"https:\/\/havanaeco.it\/en\/#website"},"datePublished":"2025-01-27T08:52:11+00:00","dateModified":"2025-01-27T08:52:11+00:00","breadcrumb":{"@id":"https:\/\/havanaeco.it\/en\/havanaeco-2\/#breadcrumb"},"inLanguage":"en-US","potentialAction":[{"@type":"ReadAction","target":["https:\/\/havanaeco.it\/en\/havanaeco-2\/"]}]},{"@type":"BreadcrumbList","@id":"https:\/\/havanaeco.it\/en\/havanaeco-2\/#breadcrumb","itemListElement":[{"@type":"ListItem","position":1,"name":"Home","item":"https:\/\/havanaeco.it\/en\/"},{"@type":"ListItem","position":2,"name":"HAVANAECO"}]}]}},"_links":{"self":[{"href":"https:\/\/havanaeco.it\/en\/wp-json\/wp\/v2\/pages\/86198"}],"collection":[{"href":"https:\/\/havanaeco.it\/en\/wp-json\/wp\/v2\/pages"}],"about":[{"href":"https:\/\/havanaeco.it\/en\/wp-json\/wp\/v2\/types\/page"}],"author":[{"embeddable":true,"href":"https:\/\/havanaeco.it\/en\/wp-json\/wp\/v2\/users\/2"}],"replies":[{"embeddable":true,"href":"https:\/\/havanaeco.it\/en\/wp-json\/wp\/v2\/comments?post=86198"}],"version-history":[{"count":2,"href":"https:\/\/havanaeco.it\/en\/wp-json\/wp\/v2\/pages\/86198\/revisions"}],"predecessor-version":[{"id":86200,"href":"https:\/\/havanaeco.it\/en\/wp-json\/wp\/v2\/pages\/86198\/revisions\/86200"}],"wp:attachment":[{"href":"https:\/\/havanaeco.it\/en\/wp-json\/wp\/v2\/media?parent=86198"}],"curies":[{"name":"wp","href":"https:\/\/api.w.org\/{rel}","templated":true}]}}